{"id":109,"date":"2026-02-21T00:38:48","date_gmt":"2026-02-21T00:38:48","guid":{"rendered":"https:\/\/kieswerkservice.de\/?page_id=109"},"modified":"2026-02-21T13:02:24","modified_gmt":"2026-02-21T13:02:24","slug":"contact","status":"publish","type":"page","link":"https:\/\/kieswerkservice.de\/en\/contact\/","title":{"rendered":"Contact"},"content":{"rendered":"<section class=\"bde-section-109-100 bde-section\">\n              \n  \n\t\n\n  <div class=\"section-background-overlay\"><\/div>\n\n\n<div class=\"section-container\"><div class=\"bde-div-109-101 bde-div\">\n  \n\t\n\n\n\n<h1 class=\"bde-heading-109-102 bde-heading\">\nKontakt\n<\/h1>\n<\/div><div class=\"bde-text-109-103 bde-text\">\nBen\u00f6tigen Sie einen schnellen Einsatz oder eine geplante Wartung? Sie k\u00f6nnen uns telefonisch oder \u00fcber das Formular kontaktieren, und wir antworten Ihnen so schnell wie m\u00f6glich. F\u00fcr ein m\u00f6glichst genaues Angebot bitten wir Sie, uns einige Angaben zur Anlage, zum Standort und eine kurze Beschreibung des Problems zu senden.\n<\/div><\/div>\n<\/section><section class=\"bde-section-109-121 bde-section\">\n  \n\t\n\n\n\n<div class=\"section-container\"><div class=\"bde-columns-109-122 bde-columns\"><div class=\"bde-column-109-123 bde-column\">\n  \n\t\n\n\n\n<div class=\"bde-icon-109-124 bde-icon\">\n\n    \n            <div class=\"bde-icon-icon breakdance-icon-atom\" >\n    \n                    <svg xmlns=\"http:\/\/www.w3.org\/2000\/svg\" id=\"icon-user\" viewBox=\"0 0 32 32\">\n<path d=\"M18 22.082v-1.649c2.203-1.241 4-4.337 4-7.432 0-4.971 0-9-6-9s-6 4.029-6 9c0 3.096 1.797 6.191 4 7.432v1.649c-6.784 0.555-12 3.888-12 7.918h28c0-4.030-5.216-7.364-12-7.918z\"\/>\n<\/svg>\n        \n        \n        \n            <\/div>\n    \n\n\n<\/div><div class=\"bde-text-109-125 bde-text\">\nGesch\u00e4ftsf\u00fchrer:<br>Constantin Morariu\n<\/div>\n<\/div><div class=\"bde-column-109-126 bde-column\">\n  \n\t\n\n\n\n<div class=\"bde-icon-109-127 bde-icon\">\n\n    \n            <div class=\"bde-icon-icon breakdance-icon-atom\" >\n    \n                    <svg xmlns=\"http:\/\/www.w3.org\/2000\/svg\" viewBox=\"0 0 384 512\"><!--! Font Awesome Free 6.5.1 by @fontawesome - https:\/\/fontawesome.com License - https:\/\/fontawesome.com\/license\/free (Icons: CC BY 4.0, Fonts: SIL OFL 1.1, Code: MIT License) Copyright 2023 Fonticons, Inc. --><path d=\"M48 0C21.5 0 0 21.5 0 48V464c0 26.5 21.5 48 48 48h96V432c0-26.5 21.5-48 48-48s48 21.5 48 48v80h96c26.5 0 48-21.5 48-48V48c0-26.5-21.5-48-48-48H48zM64 240c0-8.8 7.2-16 16-16h32c8.8 0 16 7.2 16 16v32c0 8.8-7.2 16-16 16H80c-8.8 0-16-7.2-16-16V240zm112-16h32c8.8 0 16 7.2 16 16v32c0 8.8-7.2 16-16 16H176c-8.8 0-16-7.2-16-16V240c0-8.8 7.2-16 16-16zm80 16c0-8.8 7.2-16 16-16h32c8.8 0 16 7.2 16 16v32c0 8.8-7.2 16-16 16H272c-8.8 0-16-7.2-16-16V240zM80 96h32c8.8 0 16 7.2 16 16v32c0 8.8-7.2 16-16 16H80c-8.8 0-16-7.2-16-16V112c0-8.8 7.2-16 16-16zm80 16c0-8.8 7.2-16 16-16h32c8.8 0 16 7.2 16 16v32c0 8.8-7.2 16-16 16H176c-8.8 0-16-7.2-16-16V112zM272 96h32c8.8 0 16 7.2 16 16v32c0 8.8-7.2 16-16 16H272c-8.8 0-16-7.2-16-16V112c0-8.8 7.2-16 16-16z\"\/><\/svg>\n        \n        \n        \n            <\/div>\n    \n\n\n<\/div><div class=\"bde-text-109-128 bde-text\">\nSteuer-ID \/ Umsatzsteuer-ID:<br>RO50326551\n<\/div>\n<\/div><div class=\"bde-column-109-129 bde-column\">\n  \n\t\n\n\n\n<div class=\"bde-icon-109-130 bde-icon\">\n\n    \n            <div class=\"bde-icon-icon breakdance-icon-atom\" >\n    \n                    <svg xmlns=\"http:\/\/www.w3.org\/2000\/svg\" id=\"icon-phone\" viewBox=\"0 0 32 32\">\n<path d=\"M22 20c-2 2-2 4-4 4s-4-2-6-4-4-4-4-6 2-2 4-4-4-8-6-8-6 6-6 6c0 4 4.109 12.109 8 16s12 8 16 8c0 0 6-4 6-6s-6-8-8-6z\"\/>\n<\/svg>\n        \n        \n        \n            <\/div>\n    \n\n\n<\/div><div class=\"bde-text-109-144 bde-text\">\nTelefon:<br>+49 1514 5156 829\n<\/div>\n<\/div><div class=\"bde-column-109-133 bde-column\">\n  \n\t\n\n\n\n<div class=\"bde-icon-109-134 bde-icon\">\n\n    \n            <div class=\"bde-icon-icon breakdance-icon-atom\" >\n    \n                    <svg xmlns=\"http:\/\/www.w3.org\/2000\/svg\" id=\"icon-mail\" viewBox=\"0 0 32 32\">\n<path d=\"M26.666 0h-21.332c-2.934 0-5.334 2.4-5.334 5.333v21.333c0 2.934 2.4 5.334 5.334 5.334h21.332c2.936 0 5.334-2.4 5.334-5.334v-21.333c0-2.934-2.398-5.333-5.334-5.333zM8 8h16c0.286 0 0.563 0.061 0.817 0.177l-8.817 10.286-8.817-10.287c0.254-0.116 0.531-0.177 0.817-0.177zM6 22v-12c0-0.042 0.002-0.084 0.004-0.125l5.864 6.842-5.8 5.8c-0.045-0.167-0.069-0.34-0.069-0.517zM24 24h-16c-0.177 0-0.35-0.024-0.517-0.069l5.691-5.691 2.826 3.297 2.826-3.297 5.691 5.691c-0.167 0.045-0.34 0.069-0.517 0.069zM26 22c0 0.177-0.024 0.35-0.069 0.517l-5.8-5.8 5.864-6.842c0.003 0.041 0.004 0.083 0.004 0.125v12z\"\/>\n<\/svg>\n        \n        \n        \n            <\/div>\n    \n\n\n<\/div><div class=\"bde-text-109-135 bde-text\">\nE-mail: <br>constantinmmorariu0990@gmail.com\n<\/div>\n<\/div><\/div><\/div>\n<\/section><section class=\"bde-section-109-136 bde-section\">\n  \n\t\n\n\n\n<div class=\"section-container\"><div class=\"bde-fancy-divider-109-145 bde-fancy-divider\">\n\n\n<div class=\"bde-fancy-divider__wrapper\">\n  <div class=\"bde-fancy-divider__separator   \">\n  \t  <\/div>\n<\/div>\n\n<\/div><div class=\"bde-columns-109-137 bde-columns\"><div class=\"bde-column-109-142 bde-column\">\n  \n\t\n\n\n\n<div class=\"bde-form-builder-109-146 bde-form-builder\">\n\n\n<form id=\"contact-form146\" class=\"breakdance-form breakdance-form--vertical \" data-options=\"{&quot;slug&quot;:&quot;custom&quot;,&quot;name&quot;:&quot;Contact Form&quot;,&quot;ajaxUrl&quot;:&quot;https:\\\/\\\/kieswerkservice.de\\\/wp-admin\\\/admin-ajax.php&quot;,&quot;clearOnSuccess&quot;:true,&quot;hideOnSuccess&quot;:false,&quot;successMessage&quot;:&quot;Message sent!&quot;,&quot;errorMessage&quot;:&quot;Something went wrong..&quot;,&quot;redirect&quot;:false,&quot;redirectUrl&quot;:&quot;&quot;,&quot;customJavaScript&quot;:&quot;&quot;,&quot;recaptcha&quot;:{&quot;key&quot;:&quot;&quot;,&quot;enabled&quot;:false},&quot;honeypot_enabled&quot;:false,&quot;popupsOnSuccess&quot;:[],&quot;popupsOnError&quot;:[]}\" data-steps=\"0\" >\n  \n  \n  \n<div class=\"breakdance-form-field breakdance-form-field--text\" >\n    \n    \n            <label class=\"breakdance-form-field__label\" for=\"name\">\n            Name<span class=\"breakdance-form-field__required\">*<\/span>\n        <\/label>\n    \n    <input\n    class=\"breakdance-form-field__input\"\n    id=\"name\"\n    aria-describedby=\"name\"\n    type=\"text\"\n    name=\"fields[name]\"\n    placeholder=\"John\"\n    value=\"\"\n                \n        \n        \n    required\n    \n    \n>\n\n\n    \n    \n<\/div>\n\n\n<div class=\"breakdance-form-field breakdance-form-field--text\" >\n    \n    \n            <label class=\"breakdance-form-field__label\" for=\"xcywqj\">\n            Vorname<span class=\"breakdance-form-field__required\">*<\/span>\n        <\/label>\n    \n    <input\n    class=\"breakdance-form-field__input\"\n    id=\"xcywqj\"\n    aria-describedby=\"xcywqj\"\n    type=\"text\"\n    name=\"fields[xcywqj]\"\n    placeholder=\"Doe\"\n    value=\"\"\n                \n        \n        \n    required\n    \n    \n>\n\n\n    \n    \n<\/div>\n\n\n<div class=\"breakdance-form-field breakdance-form-field--text\" >\n    \n    \n            <label class=\"breakdance-form-field__label\" for=\"utomuv\">\n            Firma\n        <\/label>\n    \n    <input\n    class=\"breakdance-form-field__input\"\n    id=\"utomuv\"\n    aria-describedby=\"utomuv\"\n    type=\"text\"\n    name=\"fields[utomuv]\"\n    placeholder=\"Feel Good Inc.\"\n    value=\"\"\n                \n        \n        \n    \n    \n    \n>\n\n\n    \n    \n<\/div>\n\n\n<div class=\"breakdance-form-field breakdance-form-field--tel\" >\n    \n    \n            <label class=\"breakdance-form-field__label\" for=\"cpjpwb\">\n            Telefon\n        <\/label>\n    \n    <input\n    class=\"breakdance-form-field__input\"\n    id=\"cpjpwb\"\n    aria-describedby=\"cpjpwb\"\n    type=\"tel\"\n    name=\"fields[cpjpwb]\"\n    placeholder=\"+1 (234) 567-89-10\"\n    value=\"\"\n                \n        \n        \n    \n    \n    \n>\n\n\n    \n    \n<\/div>\n\n\n<div class=\"breakdance-form-field breakdance-form-field--email\" >\n    \n    \n            <label class=\"breakdance-form-field__label\" for=\"email\">\n            Email<span class=\"breakdance-form-field__required\">*<\/span>\n        <\/label>\n    \n    <input\n    class=\"breakdance-form-field__input\"\n    id=\"email\"\n    aria-describedby=\"email\"\n    type=\"email\"\n    name=\"fields[email]\"\n    placeholder=\"johndoe@example.com\"\n    value=\"\"\n                \n        \n        \n    required\n    \n    \n>\n\n\n    \n    \n<\/div>\n\n\n<div class=\"breakdance-form-field breakdance-form-field--textarea\" >\n    \n    \n            <label class=\"breakdance-form-field__label\" for=\"message\">\n            Nachricht<span class=\"breakdance-form-field__required\">*<\/span>\n        <\/label>\n    \n    <textarea\n    class=\"breakdance-form-field__input\"\n    id=\"message\"\n    aria-describedby=\"message\"\n    type=\"textarea\"\n    name=\"fields[message]\"\n        placeholder=\"Ihre Nachricht hier:\"\n    required\n    >\n<\/textarea>\n\n\n    \n    \n<\/div>\n\n\n<div class=\"breakdance-form-field breakdance-form-field--file\" >\n    \n    \n            <label class=\"breakdance-form-field__label\" for=\"nolzts\">\n            Fotos \/ Videos hochladen (optional)\n        <\/label>\n    \n    <label for=\"nolzts\" class=\"breakdance-form-file-upload\">\n\n            \n                                    \n    \n    \n    \n    \n            \n            <button type=\"button\" class=\"button-atom button-atom--secondary breakdance-form-file-upload__button\"  >\n    \n        <span class=\"button-atom__text\">Choose File<\/span>\n\n        \n        \n            <\/button>\n    \n        <span class=\"breakdance-form-file-upload__text\">\n            No file chosen\n        <\/span>\n    \n    <input\n        id=\"nolzts\"\n        name=\"fields[nolzts][]\"\n        type=\"file\"\n        class=\"breakdance-form-file-upload__input\"\n        accept=\"\"\n        \n        \n                data-max-files=\"\"\n        data-i18n-empty-text=\"No file chosen\"\n        data-i18n-filled-text=\"%n files\"\n        data-i18n-error-text=\"Only %n file(s) allowed.\"\n    >\n<\/label>\n\n\n\n    \n    \n<\/div>\n\n\n<div class=\"breakdance-form-field breakdance-form-field--checkbox\" >\n    \n    \n    \n    <fieldset role=\"group\"\n    >\n          <div class=\"breakdance-form-checkbox\">\n          <input\n              type=\"checkbox\"\n              name=\"fields[dzgfwy]\"\n              value=\"agreed\"\n              id=\"dzgfwy-1\"\n              \n                        >\n          <label class=\"breakdance-form-checkbox__text\" for=\"dzgfwy-1\">Ich stimme der Datenschutzerkl\u00e4rung und der Cookie-Richtlinie zu.<\/label>\n      <\/div>\n  <\/fieldset>\n\n\n\n    \n    \n<\/div>\n\n\n  \n\n<div class=\"breakdance-form-field breakdance-form-footer\">\n    \n    \n                                    \n    \n    \n    \n    \n            \n            <button type=\"submit\" class=\"button-atom button-atom--primary breakdance-form-button breakdance-form-button__submit\"  >\n    \n        <span class=\"button-atom__text\">Senden<\/span>\n\n        \n        \n            <\/button>\n    \n    <input type=\"hidden\" name=\"form_id\" value=\"146\">\n    <input type=\"hidden\" name=\"post_id\" value=\"109\">\n<\/div>\n\n  \n<\/form>\n\n\n\n<\/div>\n<\/div><\/div><\/div>\n<\/section>","protected":false},"excerpt":{"rendered":"<p>Kontakt Ben\u00f6tigen Sie einen schnellen Einsatz oder eine geplante Wartung? Sie k\u00f6nnen uns telefonisch oder \u00fcber das Formular kontaktieren, und wir antworten Ihnen so schnell wie m\u00f6glich. F\u00fcr ein m\u00f6glichst genaues Angebot bitten wir Sie, uns einige Angaben zur Anlage, zum Standort und eine kurze Beschreibung des Problems zu senden. Gesch\u00e4ftsf\u00fchrer:Constantin Morariu Steuer-ID \/ Umsatzsteuer-ID:RO50326551 [&hellip;]<\/p>\n","protected":false},"author":1,"featured_media":0,"parent":0,"menu_order":0,"comment_status":"closed","ping_status":"closed","template":"","meta":{"_breakdance_hide_in_design_set":false,"_breakdance_tags":"","footnotes":""},"class_list":["post-109","page","type-page","status-publish","hentry"],"_links":{"self":[{"href":"https:\/\/kieswerkservice.de\/en\/wp-json\/wp\/v2\/pages\/109","targetHints":{"allow":["GET"]}}],"collection":[{"href":"https:\/\/kieswerkservice.de\/en\/wp-json\/wp\/v2\/pages"}],"about":[{"href":"https:\/\/kieswerkservice.de\/en\/wp-json\/wp\/v2\/types\/page"}],"author":[{"embeddable":true,"href":"https:\/\/kieswerkservice.de\/en\/wp-json\/wp\/v2\/users\/1"}],"replies":[{"embeddable":true,"href":"https:\/\/kieswerkservice.de\/en\/wp-json\/wp\/v2\/comments?post=109"}],"version-history":[{"count":9,"href":"https:\/\/kieswerkservice.de\/en\/wp-json\/wp\/v2\/pages\/109\/revisions"}],"predecessor-version":[{"id":189,"href":"https:\/\/kieswerkservice.de\/en\/wp-json\/wp\/v2\/pages\/109\/revisions\/189"}],"wp:attachment":[{"href":"https:\/\/kieswerkservice.de\/en\/wp-json\/wp\/v2\/media?parent=109"}],"curies":[{"name":"wp","href":"https:\/\/api.w.org\/{rel}","templated":true}]}}